{"id":47656,"date":"2019-06-14T10:24:59","date_gmt":"2019-06-14T08:24:59","guid":{"rendered":"https:\/\/www.pastificiodefilippis.it\/?page_id=47656"},"modified":"2019-07-04T10:52:57","modified_gmt":"2019-07-04T08:52:57","slug":"informativa-gdpr-newsletter","status":"publish","type":"page","link":"https:\/\/www.pastificiodefilippis.it\/?page_id=47656","title":{"rendered":"Informativa GDPR newsletter"},"content":{"rendered":"<p class=\"p1\"><span class=\"s1\">Informativa sul trattamento dei dati personali ex artt. 13-14 Reg.to UE 2016\/679<\/span><\/p>\n<p class=\"p2\"><span class=\"s1\">PASTIFICIO DEFILIPPIS SRL, con sede legale in Torino, Via Lagrange n. 39, nella qualit\u00e0 di Titolare del trattamento dei Suoi dati personali, ai sensi e per gli effetti del Reg.to UE 2016\/679 (di seguito &#8216;GDPR&#8217;), con la presente La informa che la citata normativa prevede la tutela degli interessati rispetto al trattamento dei dati personali e che tale trattamento sar\u00e0 improntato ai principi di correttezza, liceit\u00e0, trasparenza e di tutela della Sua riservatezza e dei Suoi diritti.<\/span><\/p>\n<p class=\"p2\"><span class=\"s1\">I dati personali da Lei forniti verranno trattati in accordo alle disposizioni legislative della normativa sopra richiamata e degli obblighi di riservatezza ivi previsti.<\/span><\/p>\n<p class=\"p2\"><span class=\"s1\">Finalit\u00e0 di trattamento: i dati da Lei forniti verranno trattati in coerenza con le finalit\u00e0 di marketing, attivit\u00e0 promozionali e per informarla circa le notizie, gli eventi e le offerte speciali riguardanti il Titolare.<\/span><\/p>\n<p class=\"p2\"><span class=\"s1\">Il conferimento dei dati personali \u00e8 facoltativo; il mancato conferimento non consentir\u00e0 al Titolare di evadere la Sua richiesta per le finalit\u00e0 sopra espresse.<\/span><\/p>\n<p class=\"p2\"><span class=\"s1\">Modalit\u00e0 del trattamento.<span class=\"Apple-converted-space\">\u00a0 <\/span>I suoi dati personali potranno essere trattati mediante strumenti cartacei ed informatici.<\/span><\/p>\n<p class=\"p2\"><span class=\"s1\">Ogni trattamento avviene nel rispetto delle modalit\u00e0 di cui agli artt. 6, 32 del GDPR e mediante l&#8217;adozione delle adeguate misure di sicurezza previste.<\/span><\/p>\n<p class=\"p2\"><span class=\"s1\">Comunicazione: i Suoi dati saranno trattati unicamente da personale espressamente autorizzato dal Titolare oppure da terzi incaricati per assicurare le finalit\u00e0 sopra descritte. I Suoi dati non saranno diffusi o trasferiti all\u2019estero.<\/span><\/p>\n<p class=\"p2\"><span class=\"s1\">Periodo di Conservazione: I dati saranno trattati per il tempo strettamente necessario per adempiere alle finalit\u00e0 di cui alla presente richiesta, fermo restando i diritti dell\u2019interessato infra richiamati.<\/span><\/p>\n<p class=\"p2\"><span class=\"s1\">Titolare: il Titolare del trattamento dei dati \u00e8 PASTIFICIO DEFILIPPIS SRL, con sede legale in Torino, Via Lagrange n. 39 pec: ristorazionedamilano@legalmail.it; telefono: 011.542137; P.Iva: 09685460017, nella persona del suo legale rappresentante pro tempore.<\/span><\/p>\n<p class=\"p2\"><span class=\"s1\">Lei ha diritto di ottenere dal Titolare: la cancellazione (diritto all&#8217;oblio), la limitazione, l&#8217;aggiornamento, la rettificazione, la portabilit\u00e0, l&#8217;opposizione al trattamento dei dati personali che La riguardano, proporre reclamo all&#8217;autorit\u00e0 di controllo, nonch\u00e9 in generale pu\u00f2 esercitare tutti i diritti previsti dagli artt. 15, 16, 17, 18, 19, 20, 21 del GDPR.<\/span><\/p>\n<p class=\"p2\"><span class=\"s1\">Reg.to UE 2016\/679: Artt. 15, 16, 17, 18, 19, 20, 21 &#8211; Diritti dell&#8217;Interessato<\/span><\/p>\n<p class=\"p2\"><span class=\"s1\">In relazione ai dati oggetto del trattamento di cui alla presente informativa, all\u2019interessato \u00e8 riconosciuto in qualsiasi momento il diritto di: <\/span><\/p>\n<p class=\"p3\"><span class=\"s1\">-Accesso (art. 15 Regolamento UE n. 2016\/679);<\/span><\/p>\n<p class=\"p3\"><span class=\"s1\">-Rettifica (art. 16 Regolamento UE n. 2016\/679);<\/span><\/p>\n<p class=\"p3\"><span class=\"s1\">-Cancellazione (art. 17 Regolamento UE n. 2016\/679);<\/span><\/p>\n<p class=\"p3\"><span class=\"s1\">-Limitazione (art. 18 Regolamento UE n. 2016\/679);<\/span><\/p>\n<p class=\"p3\"><span class=\"s1\">-Notifica in caso di rettifica o cancellazione dei dati personali o limitazione del trattamento (art. 19 Regolamento UE n. 2016\/679);<\/span><\/p>\n<p class=\"p3\"><span class=\"s1\">-Portabilit\u00e0, intesa come diritto ad ottenere dal titolare del trattamento i dati in un formato strutturato di uso comune e leggibile da dispositivo automatico per trasmetterli ad un altro titolare del trattamento senza impedimenti (art. 20 Regolamento UE n. 2016\/679);<\/span><\/p>\n<p class=\"p3\"><span class=\"s1\">-Opposizione al trattamento (art. 21 Regolamento UE n. 2016\/679);<\/span><\/p>\n<p class=\"p3\"><span class=\"s1\">-Revoca del consenso al trattamento, senza pregiudizio per la liceit\u00e0 del trattamento basata sul consenso acquisito prima della revoca (art. 7, par. 3 Regolamento UE n.2016\/679);<\/span><\/p>\n<p class=\"p3\"><span class=\"s1\">-Proporre reclamo all\u2019Autorit\u00e0 Garante per la Protezione dei dati personali (art. 51 Regolamento UE n. 2016\/679).<\/span><\/p>\n<p class=\"p2\"><span class=\"s1\">L\u2019esercizio dei premessi diritti pu\u00f2 avvenire mediante comunicazione scritta da inviare al Titolare del trattamento dei dati ai recapiti sopra precisati.<\/span><\/p>\n<p class=\"p5\"><span class=\"s1\">Torino l\u00ec, 05.06.2019 Il Titolare del trattamento dei dati<\/span><\/p>\n<p>&nbsp;<\/p>\n<p>&nbsp;<\/p>\n<p>&nbsp;<\/p>\n","protected":false},"excerpt":{"rendered":"<p>Informativa sul trattamento dei dati personali ex artt. 13-14 Reg.to UE 2016\/679 PASTIFICIO DEFILIPPIS SRL, con sede legale in Torino, Via Lagrange n. 39, nella qualit\u00e0 di Titolare del trattamento dei Suoi dati personali, ai sensi e per gli effetti del Reg.to UE 2016\/679 (di seguito &#8216;GDPR&#8217;), con la presente La informa che la citata [&hellip;]<\/p>\n","protected":false},"author":8,"featured_media":0,"parent":0,"menu_order":0,"comment_status":"closed","ping_status":"closed","template":"","meta":{"_et_pb_use_builder":"","_et_pb_old_content":"","_et_gb_content_width":"","footnotes":""},"class_list":["post-47656","page","type-page","status-publish","hentry"],"yoast_head":"<!-- This site is optimized with the Yoast SEO plugin v19.6.1 - https:\/\/yoast.com\/wordpress\/plugins\/seo\/ -->\n<title>Informativa GDPR newsletter - Pastificio De Filippis<\/title>\n<meta name=\"robots\" content=\"index, follow, max-snippet:-1, max-image-preview:large, max-video-preview:-1\" \/>\n<link rel=\"canonical\" href=\"https:\/\/www.pastificiodefilippis.it\/?page_id=47656\" \/>\n<meta property=\"og:locale\" content=\"it_IT\" \/>\n<meta property=\"og:type\" content=\"article\" \/>\n<meta property=\"og:title\" content=\"Informativa GDPR newsletter - Pastificio De Filippis\" \/>\n<meta property=\"og:description\" content=\"Informativa sul trattamento dei dati personali ex artt. 13-14 Reg.to UE 2016\/679 PASTIFICIO DEFILIPPIS SRL, con sede legale in Torino, Via Lagrange n. 39, nella qualit\u00e0 di Titolare del trattamento dei Suoi dati personali, ai sensi e per gli effetti del Reg.to UE 2016\/679 (di seguito &#8216;GDPR&#8217;), con la presente La informa che la citata [&hellip;]\" \/>\n<meta property=\"og:url\" content=\"https:\/\/www.pastificiodefilippis.it\/?page_id=47656\" \/>\n<meta property=\"og:site_name\" content=\"Pastificio De Filippis\" \/>\n<meta property=\"article:modified_time\" content=\"2019-07-04T08:52:57+00:00\" \/>\n<meta name=\"twitter:card\" content=\"summary_large_image\" \/>\n<meta name=\"twitter:label1\" content=\"Tempo di lettura stimato\" \/>\n\t<meta name=\"twitter:data1\" content=\"3 minuti\" \/>\n<script type=\"application\/ld+json\" class=\"yoast-schema-graph\">{\"@context\":\"https:\/\/schema.org\",\"@graph\":[{\"@type\":\"WebPage\",\"@id\":\"https:\/\/www.pastificiodefilippis.it\/?page_id=47656\",\"url\":\"https:\/\/www.pastificiodefilippis.it\/?page_id=47656\",\"name\":\"Informativa GDPR newsletter - Pastificio De Filippis\",\"isPartOf\":{\"@id\":\"https:\/\/www.pastificiodefilippis.it\/#website\"},\"datePublished\":\"2019-06-14T08:24:59+00:00\",\"dateModified\":\"2019-07-04T08:52:57+00:00\",\"breadcrumb\":{\"@id\":\"https:\/\/www.pastificiodefilippis.it\/?page_id=47656#breadcrumb\"},\"inLanguage\":\"it-IT\",\"potentialAction\":[{\"@type\":\"ReadAction\",\"target\":[\"https:\/\/www.pastificiodefilippis.it\/?page_id=47656\"]}]},{\"@type\":\"BreadcrumbList\",\"@id\":\"https:\/\/www.pastificiodefilippis.it\/?page_id=47656#breadcrumb\",\"itemListElement\":[{\"@type\":\"ListItem\",\"position\":1,\"name\":\"Home\",\"item\":\"https:\/\/www.pastificiodefilippis.it\/\"},{\"@type\":\"ListItem\",\"position\":2,\"name\":\"Informativa GDPR newsletter\"}]},{\"@type\":\"WebSite\",\"@id\":\"https:\/\/www.pastificiodefilippis.it\/#website\",\"url\":\"https:\/\/www.pastificiodefilippis.it\/\",\"name\":\"Pastificio De Filippis\",\"description\":\"Pasta fresca e specialit\u00e0 gourmet in una gastronomia degli anni 40 con tavoli circolari e posti al bancone.\",\"potentialAction\":[{\"@type\":\"SearchAction\",\"target\":{\"@type\":\"EntryPoint\",\"urlTemplate\":\"https:\/\/www.pastificiodefilippis.it\/?s={search_term_string}\"},\"query-input\":\"required name=search_term_string\"}],\"inLanguage\":\"it-IT\"}]}<\/script>\n<!-- \/ Yoast SEO plugin. -->","yoast_head_json":{"title":"Informativa GDPR newsletter - Pastificio De Filippis","robots":{"index":"index","follow":"follow","max-snippet":"max-snippet:-1","max-image-preview":"max-image-preview:large","max-video-preview":"max-video-preview:-1"},"canonical":"https:\/\/www.pastificiodefilippis.it\/?page_id=47656","og_locale":"it_IT","og_type":"article","og_title":"Informativa GDPR newsletter - Pastificio De Filippis","og_description":"Informativa sul trattamento dei dati personali ex artt. 13-14 Reg.to UE 2016\/679 PASTIFICIO DEFILIPPIS SRL, con sede legale in Torino, Via Lagrange n. 39, nella qualit\u00e0 di Titolare del trattamento dei Suoi dati personali, ai sensi e per gli effetti del Reg.to UE 2016\/679 (di seguito &#8216;GDPR&#8217;), con la presente La informa che la citata [&hellip;]","og_url":"https:\/\/www.pastificiodefilippis.it\/?page_id=47656","og_site_name":"Pastificio De Filippis","article_modified_time":"2019-07-04T08:52:57+00:00","twitter_card":"summary_large_image","twitter_misc":{"Tempo di lettura stimato":"3 minuti"},"schema":{"@context":"https:\/\/schema.org","@graph":[{"@type":"WebPage","@id":"https:\/\/www.pastificiodefilippis.it\/?page_id=47656","url":"https:\/\/www.pastificiodefilippis.it\/?page_id=47656","name":"Informativa GDPR newsletter - Pastificio De Filippis","isPartOf":{"@id":"https:\/\/www.pastificiodefilippis.it\/#website"},"datePublished":"2019-06-14T08:24:59+00:00","dateModified":"2019-07-04T08:52:57+00:00","breadcrumb":{"@id":"https:\/\/www.pastificiodefilippis.it\/?page_id=47656#breadcrumb"},"inLanguage":"it-IT","potentialAction":[{"@type":"ReadAction","target":["https:\/\/www.pastificiodefilippis.it\/?page_id=47656"]}]},{"@type":"BreadcrumbList","@id":"https:\/\/www.pastificiodefilippis.it\/?page_id=47656#breadcrumb","itemListElement":[{"@type":"ListItem","position":1,"name":"Home","item":"https:\/\/www.pastificiodefilippis.it\/"},{"@type":"ListItem","position":2,"name":"Informativa GDPR newsletter"}]},{"@type":"WebSite","@id":"https:\/\/www.pastificiodefilippis.it\/#website","url":"https:\/\/www.pastificiodefilippis.it\/","name":"Pastificio De Filippis","description":"Pasta fresca e specialit\u00e0 gourmet in una gastronomia degli anni 40 con tavoli circolari e posti al bancone.","potentialAction":[{"@type":"SearchAction","target":{"@type":"EntryPoint","urlTemplate":"https:\/\/www.pastificiodefilippis.it\/?s={search_term_string}"},"query-input":"required name=search_term_string"}],"inLanguage":"it-IT"}]}},"_links":{"self":[{"href":"https:\/\/www.pastificiodefilippis.it\/index.php?rest_route=\/wp\/v2\/pages\/47656","targetHints":{"allow":["GET"]}}],"collection":[{"href":"https:\/\/www.pastificiodefilippis.it\/index.php?rest_route=\/wp\/v2\/pages"}],"about":[{"href":"https:\/\/www.pastificiodefilippis.it\/index.php?rest_route=\/wp\/v2\/types\/page"}],"author":[{"embeddable":true,"href":"https:\/\/www.pastificiodefilippis.it\/index.php?rest_route=\/wp\/v2\/users\/8"}],"replies":[{"embeddable":true,"href":"https:\/\/www.pastificiodefilippis.it\/index.php?rest_route=%2Fwp%2Fv2%2Fcomments&post=47656"}],"version-history":[{"count":4,"href":"https:\/\/www.pastificiodefilippis.it\/index.php?rest_route=\/wp\/v2\/pages\/47656\/revisions"}],"predecessor-version":[{"id":47902,"href":"https:\/\/www.pastificiodefilippis.it\/index.php?rest_route=\/wp\/v2\/pages\/47656\/revisions\/47902"}],"wp:attachment":[{"href":"https:\/\/www.pastificiodefilippis.it\/index.php?rest_route=%2Fwp%2Fv2%2Fmedia&parent=47656"}],"curies":[{"name":"wp","href":"https:\/\/api.w.org\/{rel}","templated":true}]}}